{"id":1580,"date":"2019-01-10T01:25:39","date_gmt":"2019-01-10T01:25:39","guid":{"rendered":"http:\/\/localhost\/wordpress\/munfarid\/?page_id=1580"},"modified":"2021-07-30T06:09:58","modified_gmt":"2021-07-30T06:09:58","slug":"blog-list","status":"publish","type":"page","link":"https:\/\/ital.in\/blog\/blog-list\/","title":{"rendered":"Blog"},"content":{"rendered":"\n<div class=\"wp-block-group alignfull\"><div class=\"wp-block-group__inner-container is-layout-flow wp-block-group-is-layout-flow\">\n<div class=\"wp-block-columns alignfull is-layout-flex wp-container-core-columns-is-layout-9d6595d7 wp-block-columns-is-layout-flex\" data-vertical-align-layout=\"verticalAlignTop\">\n<div class=\"wp-block-column is-layout-flow wp-block-column-is-layout-flow\">\n<div class=\"wp-block-group alignwide\"><div class=\"wp-block-group__inner-container is-layout-flow wp-block-group-is-layout-flow\">\n<div class=\"wp-block-columns alignwide has-2-columns is-layout-flex wp-container-core-columns-is-layout-9d6595d7 wp-block-columns-is-layout-flex\" style=\"margin-bottom:80px\" data-columns-gutter=\"50\">\n<div class=\"wp-block-column zad-flex is-layout-flow wp-block-column-is-layout-flow\"><div class=\"energetic-core-parts-posts container  alignwide\" style=\"\"><div class=\"row blog-post is-grid stander-post-style\"><div class=\"col-lg-6\"><article id=\"post-444534\" class=\"clearfix post-444534 post type-post status-publish format-standard hentry category-uncategorized\"><div class=\"entry-content-wrapper\"><div class=\"entry-meta-top\"><span class=\"entry-meta-data\">April 19, 2026<\/span><span class=\"entry-meta-category\"><a href=\"https:\/\/ital.in\/blog\/category\/uncategorized\/\" rel=\"category tag\">Uncategorized<\/a><\/span><\/div><h4 class=\"entry-title\"><a href=\"https:\/\/ital.in\/blog\/kasyno-online-vulkan-vegas-w-polsce-oficjalna-239\/\">Kasyno online Vulkan Vegas w Polsce Oficjalna strona internetowa.2047<\/a><\/h4><div class=\"entry-excerpt\"><p>Kasyno online Vulkan Vegas w Polsce &#8211; Oficjalna strona internetowa \u25b6\ufe0f GRA\u0106 \u0421\u043e\u0434\u0435\u0440\u0436\u0438\u043c\u043e\u0435&hellip;<\/p>\n<\/div><\/div><\/article><\/div><div class=\"col-lg-6\"><article id=\"post-444530\" class=\"clearfix post-444530 post type-post status-publish format-standard hentry category-uncategorized\"><div class=\"entry-content-wrapper\"><div class=\"entry-meta-top\"><span class=\"entry-meta-data\">April 19, 2026<\/span><span class=\"entry-meta-category\"><a href=\"https:\/\/ital.in\/blog\/category\/uncategorized\/\" rel=\"category tag\">Uncategorized<\/a><\/span><\/div><h4 class=\"entry-title\"><a href=\"https:\/\/ital.in\/blog\/online-casino-testberichte-in-sterreich-1668\/\">Online Casino Testberichte in sterreich.1668<\/a><\/h4><div class=\"entry-excerpt\"><p>Online Casino Testberichte in \u00d6sterreich \u25b6\ufe0f SPIELEN \u0421\u043e\u0434\u0435\u0440\u0436\u0438\u043c\u043e\u0435 Die besten Online Casinos f\u00fcr&hellip;<\/p>\n<\/div><\/div><\/article><\/div><div class=\"col-lg-6\"><article id=\"post-444528\" class=\"clearfix post-444528 post type-post status-publish format-standard hentry category-uncategorized\"><div class=\"entry-content-wrapper\"><div class=\"entry-meta-top\"><span class=\"entry-meta-data\">April 19, 2026<\/span><span class=\"entry-meta-category\"><a href=\"https:\/\/ital.in\/blog\/category\/uncategorized\/\" rel=\"category tag\">Uncategorized<\/a><\/span><\/div><h4 class=\"entry-title\"><a href=\"https:\/\/ital.in\/blog\/online-casino-ubersicht-schweiz-4773-2\/\">Online Casino Ubersicht Schweiz.4773 (2)<\/a><\/h4><div class=\"entry-excerpt\"><p>Online Casino Ubersicht Schweiz \u25b6\ufe0f SPIELEN \u0421\u043e\u0434\u0435\u0440\u0436\u0438\u043c\u043e\u0435 Die besten Online Casinos in der&hellip;<\/p>\n<\/div><\/div><\/article><\/div><div class=\"col-lg-6\"><article id=\"post-444524\" class=\"clearfix post-444524 post type-post status-publish format-standard hentry category-uncategorized\"><div class=\"entry-content-wrapper\"><div class=\"entry-meta-top\"><span class=\"entry-meta-data\">April 19, 2026<\/span><span class=\"entry-meta-category\"><a href=\"https:\/\/ital.in\/blog\/category\/uncategorized\/\" rel=\"category tag\">Uncategorized<\/a><\/span><\/div><h4 class=\"entry-title\"><a href=\"https:\/\/ital.in\/blog\/tlcharger-melbet-apk-maroc-tapes-pour-accder-au-481\/\">Tlcharger Melbet APK Maroc  tapes pour accder au casino en ligne.616<\/a><\/h4><div class=\"entry-excerpt\"><p>T\u00e9l\u00e9charger Melbet APK Maroc &#8211; \u00e9tapes pour acc\u00e9der au casino en ligne \u25b6\ufe0f&hellip;<\/p>\n<\/div><\/div><\/article><\/div><div class=\"col-lg-6\"><article id=\"post-444520\" class=\"clearfix post-444520 post type-post status-publish format-standard hentry category-uncategorized\"><div class=\"entry-content-wrapper\"><div class=\"entry-meta-top\"><span class=\"entry-meta-data\">April 19, 2026<\/span><span class=\"entry-meta-category\"><a href=\"https:\/\/ital.in\/blog\/category\/uncategorized\/\" rel=\"category tag\">Uncategorized<\/a><\/span><\/div><h4 class=\"entry-title\"><a href=\"https:\/\/ital.in\/blog\/spil-p-casino-uden-dansk-licens-fra-danmark-3066\/\">Spil p casino uden dansk licens fra Danmark.3066<\/a><\/h4><div class=\"entry-excerpt\"><p>Spil p\u00e5 casino uden dansk licens fra Danmark \u25b6\ufe0f SPILLE \u0421\u043e\u0434\u0435\u0440\u0436\u0438\u043c\u043e\u0435 Risiciene ved&hellip;<\/p>\n<\/div><\/div><\/article><\/div><div class=\"col-lg-6\"><article id=\"post-444518\" class=\"clearfix post-444518 post type-post status-publish format-standard hentry category-uncategorized\"><div class=\"entry-content-wrapper\"><div class=\"entry-meta-top\"><span class=\"entry-meta-data\">April 19, 2026<\/span><span class=\"entry-meta-category\"><a href=\"https:\/\/ital.in\/blog\/category\/uncategorized\/\" rel=\"category tag\">Uncategorized<\/a><\/span><\/div><h4 class=\"entry-title\"><a href=\"https:\/\/ital.in\/blog\/casino-non-aams-in-italia-sicurezza-e-rischi-4830\/\">Casino non AAMS in Italia sicurezza e rischi.4830 (2)<\/a><\/h4><div class=\"entry-excerpt\"><p>Casino non AAMS in Italia &#8211; sicurezza e rischi \u25b6\ufe0f GIOCARE \u0421\u043e\u0434\u0435\u0440\u0436\u0438\u043c\u043e\u0435 La&hellip;<\/p>\n<\/div><\/div><\/article><\/div><\/div><\/div><\/div>\n\n\n\n<div class=\"wp-block-column zad-flex is-layout-flow wp-block-column-is-layout-flow\">\n<h4 class=\"wp-block-heading\" style=\"margin-bottom:20px\">Categories<\/h4>\n\n\n<ul class=\"wp-block-categories-list wp-block-categories\">\t<li class=\"cat-item cat-item-48\"><a href=\"https:\/\/ital.in\/blog\/category\/audiovisual\/\">Audiovisual<\/a>\n<\/li>\n\t<li class=\"cat-item cat-item-1\"><a href=\"https:\/\/ital.in\/blog\/category\/uncategorized\/\">Uncategorized<\/a>\n<\/li>\n<\/ul>\n\n\n<h4 class=\"wp-block-heading\" style=\"margin-bottom:20px\">Top Posts<\/h4>\n\n\n<div class=\"energetic-core-parts-posts-list simple-entry-list blog-post  \" style=\"margin-bottom:40px;\"><ul class=\"post-list\"><li><article id=\"list-post-164454\" class=\"d-flex clearfix post-164454 post type-post status-publish format-standard hentry category-uncategorized\"><span class=\"reveal-title\">1<\/span><div class=\"entry-content-wrapper\"><a class=\"entry-title\" href=\"https:\/\/ital.in\/blog\/live-online-casino-experience-like-never-before-3\/\">Live Online Casino Experience Like Never Before<\/a><div class=\"entry-meta-top\"><span class=\"post_meta_author\">By <a href=\"https:\/\/ital.in\/blog\/author\/renjith\/\">Renjith S.S<\/a><\/span><span class=\"entry-meta-data\">October 7, 2025<\/span><span class=\"entry-meta-category\"><a href=\"https:\/\/ital.in\/blog\/category\/uncategorized\/\" rel=\"category tag\">Uncategorized<\/a><\/span><\/div><\/div><\/article><\/li><li><article id=\"list-post-6678\" class=\"d-flex clearfix post-6678 post type-post status-publish format-standard hentry category-uncategorized\"><span class=\"reveal-title\">2<\/span><div class=\"entry-content-wrapper\"><a class=\"entry-title\" href=\"https:\/\/ital.in\/blog\/mr-green-casino-review-2019-%e1%90%88-latest-bonus-and-games\/\">Mr Green Casino Review 2019 \u1408 Latest Bonus And Games<\/a><div class=\"entry-meta-top\"><span class=\"post_meta_author\">By <a href=\"https:\/\/ital.in\/blog\/author\/renjith\/\">Renjith S.S<\/a><\/span><span class=\"entry-meta-data\">April 1, 2021<\/span><span class=\"entry-meta-category\"><a href=\"https:\/\/ital.in\/blog\/category\/uncategorized\/\" rel=\"category tag\">Uncategorized<\/a><\/span><\/div><\/div><\/article><\/li><li><article id=\"list-post-20797\" class=\"d-flex clearfix post-20797 post type-post status-publish format-standard hentry category-uncategorized\"><span class=\"reveal-title\">3<\/span><div class=\"entry-content-wrapper\"><a class=\"entry-title\" href=\"https:\/\/ital.in\/blog\/%ce%b4%cf%89%cf%81%ce%b5%ce%ac%ce%bd-lucki-twins-babies-jackpot-%cf%86%cf%81%ce%bf%cf%85%cf%84%ce%ac%ce%ba%ce%b9%ce%b1\/\">\u0394\u03c9\u03c1\u03b5\u03ac\u03bd Lucki Twins babies Jackpot \u03a6\u03c1\u03bf\u03c5\u03c4\u03ac\u03ba\u03b9\u03b1<\/a><div class=\"entry-meta-top\"><span class=\"post_meta_author\">By <a href=\"https:\/\/ital.in\/blog\/author\/renjith\/\">Renjith S.S<\/a><\/span><span class=\"entry-meta-data\">March 9, 2021<\/span><span class=\"entry-meta-category\"><a href=\"https:\/\/ital.in\/blog\/category\/uncategorized\/\" rel=\"category tag\">Uncategorized<\/a><\/span><\/div><\/div><\/article><\/li><li><article id=\"list-post-20496\" class=\"d-flex clearfix post-20496 post type-post status-publish format-standard hentry category-uncategorized\"><span class=\"reveal-title\">4<\/span><div class=\"entry-content-wrapper\"><a class=\"entry-title\" href=\"https:\/\/ital.in\/blog\/put-an-individual-pile-some-%e1%90%88-authentic-casino-bonus-%e3%80%90put-a-particular-enjoy-eight%e3%80%91\/\">Put $an individual Pile $some \u1408 Authentic Casino Bonus \u3010put a particular Enjoy eight\u3011<\/a><div class=\"entry-meta-top\"><span class=\"post_meta_author\">By <a href=\"https:\/\/ital.in\/blog\/author\/renjith\/\">Renjith S.S<\/a><\/span><span class=\"entry-meta-data\">January 28, 2022<\/span><span class=\"entry-meta-category\"><a href=\"https:\/\/ital.in\/blog\/category\/uncategorized\/\" rel=\"category tag\">Uncategorized<\/a><\/span><\/div><\/div><\/article><\/li><li><article id=\"list-post-23800\" class=\"d-flex clearfix post-23800 post type-post status-publish format-standard hentry category-uncategorized\"><span class=\"reveal-title\">5<\/span><div class=\"entry-content-wrapper\"><a class=\"entry-title\" href=\"https:\/\/ital.in\/blog\/how-to-build-a-successful-matrimony\/\">How to Build a Successful Matrimony<\/a><div class=\"entry-meta-top\"><span class=\"post_meta_author\">By <a href=\"https:\/\/ital.in\/blog\/author\/renjith\/\">Renjith S.S<\/a><\/span><span class=\"entry-meta-data\">May 31, 2022<\/span><span class=\"entry-meta-category\"><a href=\"https:\/\/ital.in\/blog\/category\/uncategorized\/\" rel=\"category tag\">Uncategorized<\/a><\/span><\/div><\/div><\/article><\/li><\/ul><\/div>\n\n\n<h4 class=\"wp-block-heading\" style=\"margin-bottom:20px\">Instagram<\/h4>\n\n\n<div class=\"\"> Please check the block data<\/div><\/div>\n<\/div>\n<\/div><\/div>\n<\/div>\n<\/div>\n<\/div><\/div>\n\n\n\n<p><\/p>\n","protected":false},"excerpt":{"rendered":"<p>Categories Top Posts Instagram<\/p>\n","protected":false},"author":1,"featured_media":0,"parent":0,"menu_order":0,"comment_status":"closed","ping_status":"closed","template":"","meta":{"footnotes":""},"class_list":["post-1580","page","type-page","status-publish","hentry"],"yoast_head":"<!-- This site is optimized with the Yoast SEO plugin v16.8 - https:\/\/yoast.com\/wordpress\/plugins\/seo\/ -->\n<title>Blog - AV Equipment &amp; Solutions | Resources<\/title>\n<meta name=\"robots\" content=\"index, follow, max-snippet:-1, max-image-preview:large, max-video-preview:-1\" \/>\n<link rel=\"canonical\" href=\"https:\/\/ital.in\/blog\/blog-list\/\" \/>\n<meta property=\"og:locale\" content=\"en_US\" \/>\n<meta property=\"og:type\" content=\"article\" \/>\n<meta property=\"og:title\" content=\"Blog - AV Equipment &amp; Solutions | Resources\" \/>\n<meta property=\"og:description\" content=\"Categories Top Posts Instagram\" \/>\n<meta property=\"og:url\" content=\"https:\/\/ital.in\/blog\/blog-list\/\" \/>\n<meta property=\"og:site_name\" content=\"AV Equipment &amp; Solutions | Resources\" \/>\n<meta property=\"article:modified_time\" content=\"2021-07-30T06:09:58+00:00\" \/>\n<meta name=\"twitter:card\" content=\"summary_large_image\" \/>\n<script type=\"application\/ld+json\" class=\"yoast-schema-graph\">{\"@context\":\"https:\/\/schema.org\",\"@graph\":[{\"@type\":\"WebSite\",\"@id\":\"https:\/\/ital.in\/blog\/#website\",\"url\":\"https:\/\/ital.in\/blog\/\",\"name\":\"AV Equipment &amp; Solutions | Resources\",\"description\":\"ITAL Solutions\",\"potentialAction\":[{\"@type\":\"SearchAction\",\"target\":{\"@type\":\"EntryPoint\",\"urlTemplate\":\"https:\/\/ital.in\/blog\/?s={search_term_string}\"},\"query-input\":\"required name=search_term_string\"}],\"inLanguage\":\"en-US\"},{\"@type\":\"WebPage\",\"@id\":\"https:\/\/ital.in\/blog\/blog-list\/#webpage\",\"url\":\"https:\/\/ital.in\/blog\/blog-list\/\",\"name\":\"Blog - AV Equipment &amp; Solutions | Resources\",\"isPartOf\":{\"@id\":\"https:\/\/ital.in\/blog\/#website\"},\"datePublished\":\"2019-01-10T01:25:39+00:00\",\"dateModified\":\"2021-07-30T06:09:58+00:00\",\"breadcrumb\":{\"@id\":\"https:\/\/ital.in\/blog\/blog-list\/#breadcrumb\"},\"inLanguage\":\"en-US\",\"potentialAction\":[{\"@type\":\"ReadAction\",\"target\":[\"https:\/\/ital.in\/blog\/blog-list\/\"]}]},{\"@type\":\"BreadcrumbList\",\"@id\":\"https:\/\/ital.in\/blog\/blog-list\/#breadcrumb\",\"itemListElement\":[{\"@type\":\"ListItem\",\"position\":1,\"name\":\"Home\",\"item\":\"https:\/\/ital.in\/blog\/\"},{\"@type\":\"ListItem\",\"position\":2,\"name\":\"Blog\"}]}]}<\/script>\n<!-- \/ Yoast SEO plugin. -->","yoast_head_json":{"title":"Blog - AV Equipment &amp; Solutions | Resources","robots":{"index":"index","follow":"follow","max-snippet":"max-snippet:-1","max-image-preview":"max-image-preview:large","max-video-preview":"max-video-preview:-1"},"canonical":"https:\/\/ital.in\/blog\/blog-list\/","og_locale":"en_US","og_type":"article","og_title":"Blog - AV Equipment &amp; Solutions | Resources","og_description":"Categories Top Posts Instagram","og_url":"https:\/\/ital.in\/blog\/blog-list\/","og_site_name":"AV Equipment &amp; Solutions | Resources","article_modified_time":"2021-07-30T06:09:58+00:00","twitter_card":"summary_large_image","schema":{"@context":"https:\/\/schema.org","@graph":[{"@type":"WebSite","@id":"https:\/\/ital.in\/blog\/#website","url":"https:\/\/ital.in\/blog\/","name":"AV Equipment &amp; Solutions | Resources","description":"ITAL Solutions","potentialAction":[{"@type":"SearchAction","target":{"@type":"EntryPoint","urlTemplate":"https:\/\/ital.in\/blog\/?s={search_term_string}"},"query-input":"required name=search_term_string"}],"inLanguage":"en-US"},{"@type":"WebPage","@id":"https:\/\/ital.in\/blog\/blog-list\/#webpage","url":"https:\/\/ital.in\/blog\/blog-list\/","name":"Blog - AV Equipment &amp; Solutions | Resources","isPartOf":{"@id":"https:\/\/ital.in\/blog\/#website"},"datePublished":"2019-01-10T01:25:39+00:00","dateModified":"2021-07-30T06:09:58+00:00","breadcrumb":{"@id":"https:\/\/ital.in\/blog\/blog-list\/#breadcrumb"},"inLanguage":"en-US","potentialAction":[{"@type":"ReadAction","target":["https:\/\/ital.in\/blog\/blog-list\/"]}]},{"@type":"BreadcrumbList","@id":"https:\/\/ital.in\/blog\/blog-list\/#breadcrumb","itemListElement":[{"@type":"ListItem","position":1,"name":"Home","item":"https:\/\/ital.in\/blog\/"},{"@type":"ListItem","position":2,"name":"Blog"}]}]}},"_links":{"self":[{"href":"https:\/\/ital.in\/blog\/wp-json\/wp\/v2\/pages\/1580","targetHints":{"allow":["GET"]}}],"collection":[{"href":"https:\/\/ital.in\/blog\/wp-json\/wp\/v2\/pages"}],"about":[{"href":"https:\/\/ital.in\/blog\/wp-json\/wp\/v2\/types\/page"}],"author":[{"embeddable":true,"href":"https:\/\/ital.in\/blog\/wp-json\/wp\/v2\/users\/1"}],"replies":[{"embeddable":true,"href":"https:\/\/ital.in\/blog\/wp-json\/wp\/v2\/comments?post=1580"}],"version-history":[{"count":9,"href":"https:\/\/ital.in\/blog\/wp-json\/wp\/v2\/pages\/1580\/revisions"}],"predecessor-version":[{"id":2043,"href":"https:\/\/ital.in\/blog\/wp-json\/wp\/v2\/pages\/1580\/revisions\/2043"}],"wp:attachment":[{"href":"https:\/\/ital.in\/blog\/wp-json\/wp\/v2\/media?parent=1580"}],"curies":[{"name":"wp","href":"https:\/\/api.w.org\/{rel}","templated":true}]}}